{"id":17,"date":"2022-08-11T12:30:22","date_gmt":"2022-08-11T10:30:22","guid":{"rendered":"http:\/\/ehh.dev01.effipress.com\/?page_id=17"},"modified":"2024-12-10T15:09:32","modified_gmt":"2024-12-10T14:09:32","slug":"help-center","status":"publish","type":"page","link":"https:\/\/help.effihub.com\/da\/","title":{"rendered":"Help center"},"content":{"rendered":"\t\t<div data-elementor-type=\"wp-page\" data-elementor-id=\"17\" class=\"elementor elementor-17\" data-elementor-post-type=\"page\">\n\t\t\t\t\t\t<section class=\"elementor-section elementor-top-section elementor-element elementor-element-dbc02ee elementor-section-height-min-height elementor-section-items-top elementor-section-content-top elementor-section-boxed elementor-section-height-default\" data-id=\"dbc02ee\" data-element_type=\"section\" data-e-type=\"section\" data-settings=\"{&quot;background_background&quot;:&quot;classic&quot;}\">\n\t\t\t\t\t\t<div class=\"elementor-container elementor-column-gap-default\">\n\t\t\t\t\t<div class=\"elementor-column elementor-col-100 elementor-top-column elementor-element elementor-element-3ac98d4\" data-id=\"3ac98d4\" data-element_type=\"column\" data-e-type=\"column\">\n\t\t\t<div class=\"elementor-widget-wrap elementor-element-populated\">\n\t\t\t\t\t\t<div class=\"elementor-element elementor-element-f7bdc13 elementor-grid-3 elementor-grid-tablet-2 elementor-grid-mobile-1 elementor-widget elementor-widget-betterdocs-category-box\" data-id=\"f7bdc13\" data-element_type=\"widget\" data-e-type=\"widget\" data-settings=\"{&quot;box_column&quot;:&quot;3&quot;,&quot;box_column_tablet&quot;:&quot;2&quot;,&quot;box_column_mobile&quot;:&quot;1&quot;}\" data-widget_type=\"betterdocs-category-box.default\">\n\t\t\t\t\t\n<div\n\tid=\"el-betterdocs-cat-box-f7bdc13\" class=\"betterdocs-category-box-wrapper el-layout-defualt betterdocs-elementor\">\n\t<div\n\t\tclass=\"betterdocs-category-box-inner-wrapper\" style=\"\">\n\t\t\n<a\n\thref=\"https:\/\/help.effihub.com\/da\/artikel-kategori\/kom-godt-i-gang\/\" data-id=\"4\" class=\"betterdocs-single-category-wrapper category-box default\">\n\t<div class=\"betterdocs-single-category-inner\">\n\t\t\n<div class=\"betterdocs-category-header\">\n\t<div class=\"betterdocs-category-header-inner\">\n\t\t\n<div class=\"betterdocs-category-icon\">\n\t<img decoding=\"async\" alt=\"betterdocs-category-icon\" class=\"betterdocs-category-icon-img\" src=\"https:\/\/help.effihub.com\/wp-content\/plugins\/betterdocs\/assets\/admin\/images\/betterdocs-cat-icon.svg?v=4.3.6\" \/><\/div>\n<h2 class=\"betterdocs-category-title\">Kom godt i gang<\/h2>\n<div data-count=\"8\" class=\"betterdocs-category-items-counts\">\n\t<span>\n\t\t 8 artikler\t<\/span>\n<\/div>\n\t<\/div>\n<\/div>\n\t<\/div>\n<\/a>\n\n<a\n\thref=\"https:\/\/help.effihub.com\/da\/artikel-kategori\/kundehub-og-auto-e-mails\/\" data-id=\"7\" class=\"betterdocs-single-category-wrapper category-box default\">\n\t<div class=\"betterdocs-single-category-inner\">\n\t\t\n<div class=\"betterdocs-category-header\">\n\t<div class=\"betterdocs-category-header-inner\">\n\t\t\n<div class=\"betterdocs-category-icon\">\n\t<img decoding=\"async\" alt=\"betterdocs-category-icon\" class=\"betterdocs-category-icon-img\" src=\"https:\/\/help.effihub.com\/wp-content\/plugins\/betterdocs\/assets\/admin\/images\/betterdocs-cat-icon.svg?v=4.3.6\" \/><\/div>\n<h2 class=\"betterdocs-category-title\">KundeHUB og auto e-mails<\/h2>\n<div data-count=\"13\" class=\"betterdocs-category-items-counts\">\n\t<span>\n\t\t 13 artikler\t<\/span>\n<\/div>\n\t<\/div>\n<\/div>\n\t<\/div>\n<\/a>\n\n<a\n\thref=\"https:\/\/help.effihub.com\/da\/artikel-kategori\/kunder-og-kundelogin\/\" data-id=\"27\" class=\"betterdocs-single-category-wrapper category-box default\">\n\t<div class=\"betterdocs-single-category-inner\">\n\t\t\n<div class=\"betterdocs-category-header\">\n\t<div class=\"betterdocs-category-header-inner\">\n\t\t\n<div class=\"betterdocs-category-icon\">\n\t<img decoding=\"async\" alt=\"betterdocs-category-icon\" class=\"betterdocs-category-icon-img\" src=\"https:\/\/help.effihub.com\/wp-content\/plugins\/betterdocs\/assets\/admin\/images\/betterdocs-cat-icon.svg?v=4.3.6\" \/><\/div>\n<h2 class=\"betterdocs-category-title\">Kunder og kundelogin<\/h2>\n<div data-count=\"10\" class=\"betterdocs-category-items-counts\">\n\t<span>\n\t\t 10 artikler\t<\/span>\n<\/div>\n\t<\/div>\n<\/div>\n\t<\/div>\n<\/a>\n\n<a\n\thref=\"https:\/\/help.effihub.com\/da\/artikel-kategori\/opgavetyper-og-stopur\/\" data-id=\"28\" class=\"betterdocs-single-category-wrapper category-box default\">\n\t<div class=\"betterdocs-single-category-inner\">\n\t\t\n<div class=\"betterdocs-category-header\">\n\t<div class=\"betterdocs-category-header-inner\">\n\t\t\n<div class=\"betterdocs-category-icon\">\n\t<img decoding=\"async\" alt=\"betterdocs-category-icon\" class=\"betterdocs-category-icon-img\" src=\"https:\/\/help.effihub.com\/wp-content\/plugins\/betterdocs\/assets\/admin\/images\/betterdocs-cat-icon.svg?v=4.3.6\" \/><\/div>\n<h2 class=\"betterdocs-category-title\">Opgavetyper og stopur<\/h2>\n<div data-count=\"8\" class=\"betterdocs-category-items-counts\">\n\t<span>\n\t\t 8 artikler\t<\/span>\n<\/div>\n\t<\/div>\n<\/div>\n\t<\/div>\n<\/a>\n\n<a\n\thref=\"https:\/\/help.effihub.com\/da\/artikel-kategori\/timesedler\/\" data-id=\"30\" class=\"betterdocs-single-category-wrapper category-box default\">\n\t<div class=\"betterdocs-single-category-inner\">\n\t\t\n<div class=\"betterdocs-category-header\">\n\t<div class=\"betterdocs-category-header-inner\">\n\t\t\n<div class=\"betterdocs-category-icon\">\n\t<img decoding=\"async\" alt=\"betterdocs-category-icon\" class=\"betterdocs-category-icon-img\" src=\"https:\/\/help.effihub.com\/wp-content\/plugins\/betterdocs\/assets\/admin\/images\/betterdocs-cat-icon.svg?v=4.3.6\" \/><\/div>\n<h2 class=\"betterdocs-category-title\">Timesedler<\/h2>\n<div data-count=\"6\" class=\"betterdocs-category-items-counts\">\n\t<span>\n\t\t 6 artikler\t<\/span>\n<\/div>\n\t<\/div>\n<\/div>\n\t<\/div>\n<\/a>\n\n<a\n\thref=\"https:\/\/help.effihub.com\/da\/artikel-kategori\/projekter\/\" data-id=\"34\" class=\"betterdocs-single-category-wrapper category-box default\">\n\t<div class=\"betterdocs-single-category-inner\">\n\t\t\n<div class=\"betterdocs-category-header\">\n\t<div class=\"betterdocs-category-header-inner\">\n\t\t\n<div class=\"betterdocs-category-icon\">\n\t<img decoding=\"async\" alt=\"betterdocs-category-icon\" class=\"betterdocs-category-icon-img\" src=\"https:\/\/help.effihub.com\/wp-content\/plugins\/betterdocs\/assets\/admin\/images\/betterdocs-cat-icon.svg?v=4.3.6\" \/><\/div>\n<h2 class=\"betterdocs-category-title\">Projekter<\/h2>\n<div data-count=\"13\" class=\"betterdocs-category-items-counts\">\n\t<span>\n\t\t 13 artikler\t<\/span>\n<\/div>\n\t<\/div>\n<\/div>\n\t<\/div>\n<\/a>\n\n<a\n\thref=\"https:\/\/help.effihub.com\/da\/artikel-kategori\/klippekort\/\" data-id=\"29\" class=\"betterdocs-single-category-wrapper category-box default\">\n\t<div class=\"betterdocs-single-category-inner\">\n\t\t\n<div class=\"betterdocs-category-header\">\n\t<div class=\"betterdocs-category-header-inner\">\n\t\t\n<div class=\"betterdocs-category-icon\">\n\t<img decoding=\"async\" alt=\"betterdocs-category-icon\" class=\"betterdocs-category-icon-img\" src=\"https:\/\/help.effihub.com\/wp-content\/plugins\/betterdocs\/assets\/admin\/images\/betterdocs-cat-icon.svg?v=4.3.6\" \/><\/div>\n<h2 class=\"betterdocs-category-title\">Klippekort<\/h2>\n<div data-count=\"15\" class=\"betterdocs-category-items-counts\">\n\t<span>\n\t\t 15 artikler\t<\/span>\n<\/div>\n\t<\/div>\n<\/div>\n\t<\/div>\n<\/a>\n\n<a\n\thref=\"https:\/\/help.effihub.com\/da\/artikel-kategori\/effihub-paa-mobilen\/\" data-id=\"35\" class=\"betterdocs-single-category-wrapper category-box default\">\n\t<div class=\"betterdocs-single-category-inner\">\n\t\t\n<div class=\"betterdocs-category-header\">\n\t<div class=\"betterdocs-category-header-inner\">\n\t\t\n<div class=\"betterdocs-category-icon\">\n\t<img decoding=\"async\" alt=\"betterdocs-category-icon\" class=\"betterdocs-category-icon-img\" src=\"https:\/\/help.effihub.com\/wp-content\/plugins\/betterdocs\/assets\/admin\/images\/betterdocs-cat-icon.svg?v=4.3.6\" \/><\/div>\n<h2 class=\"betterdocs-category-title\">Effihub p\u00e5 mobilen<\/h2>\n<div data-count=\"5\" class=\"betterdocs-category-items-counts\">\n\t<span>\n\t\t 5 artikler\t<\/span>\n<\/div>\n\t<\/div>\n<\/div>\n\t<\/div>\n<\/a>\n\n<a\n\thref=\"https:\/\/help.effihub.com\/da\/artikel-kategori\/integrationer\/\" data-id=\"31\" class=\"betterdocs-single-category-wrapper category-box default\">\n\t<div class=\"betterdocs-single-category-inner\">\n\t\t\n<div class=\"betterdocs-category-header\">\n\t<div class=\"betterdocs-category-header-inner\">\n\t\t\n<div class=\"betterdocs-category-icon\">\n\t<img decoding=\"async\" alt=\"betterdocs-category-icon\" class=\"betterdocs-category-icon-img\" src=\"https:\/\/help.effihub.com\/wp-content\/plugins\/betterdocs\/assets\/admin\/images\/betterdocs-cat-icon.svg?v=4.3.6\" \/><\/div>\n<h2 class=\"betterdocs-category-title\">Integrationer<\/h2>\n<div data-count=\"10\" class=\"betterdocs-category-items-counts\">\n\t<span>\n\t\t 10 artikler\t<\/span>\n<\/div>\n\t<\/div>\n<\/div>\n\t<\/div>\n<\/a>\n\n<a\n\thref=\"https:\/\/help.effihub.com\/da\/artikel-kategori\/rapporter\/\" data-id=\"32\" class=\"betterdocs-single-category-wrapper category-box default\">\n\t<div class=\"betterdocs-single-category-inner\">\n\t\t\n<div class=\"betterdocs-category-header\">\n\t<div class=\"betterdocs-category-header-inner\">\n\t\t\n<div class=\"betterdocs-category-icon\">\n\t<img decoding=\"async\" alt=\"betterdocs-category-icon\" class=\"betterdocs-category-icon-img\" src=\"https:\/\/help.effihub.com\/wp-content\/plugins\/betterdocs\/assets\/admin\/images\/betterdocs-cat-icon.svg?v=4.3.6\" \/><\/div>\n<h2 class=\"betterdocs-category-title\">Rapporter<\/h2>\n<div data-count=\"9\" class=\"betterdocs-category-items-counts\">\n\t<span>\n\t\t 9 artikler\t<\/span>\n<\/div>\n\t<\/div>\n<\/div>\n\t<\/div>\n<\/a>\n\n<a\n\thref=\"https:\/\/help.effihub.com\/da\/artikel-kategori\/kontoindstillinger-og-betaling\/\" data-id=\"33\" class=\"betterdocs-single-category-wrapper category-box default\">\n\t<div class=\"betterdocs-single-category-inner\">\n\t\t\n<div class=\"betterdocs-category-header\">\n\t<div class=\"betterdocs-category-header-inner\">\n\t\t\n<div class=\"betterdocs-category-icon\">\n\t<img decoding=\"async\" alt=\"betterdocs-category-icon\" class=\"betterdocs-category-icon-img\" src=\"https:\/\/help.effihub.com\/wp-content\/plugins\/betterdocs\/assets\/admin\/images\/betterdocs-cat-icon.svg?v=4.3.6\" \/><\/div>\n<h2 class=\"betterdocs-category-title\">Kontoindstillinger og betaling<\/h2>\n<div data-count=\"8\" class=\"betterdocs-category-items-counts\">\n\t<span>\n\t\t 8 artikler\t<\/span>\n<\/div>\n\t<\/div>\n<\/div>\n\t<\/div>\n<\/a>\n\t<\/div>\n\t\t<div class=\"clearfix\"><\/div>\n\t<\/div>\n\t\t\t\t<\/div>\n\t\t\t\t\t<\/div>\n\t\t<\/div>\n\t\t\t\t\t<\/div>\n\t\t<\/section>\n\t\t\t\t<\/div>\n\t\t","protected":false},"excerpt":{"rendered":"<p>Kom godt i gang 8 artikler KundeHUB og auto e-mails 13 artikler Kunder og kundelogin 10 artikler Opgavetyper og stopur 8 artikler Timesedler 6 artikler Projekter 13 artikler Klippekort 15 artikler Effihub p\u00e5 mobilen 5 artikler Integrationer 1 artikel Rapporter 9 artikler Kontoindstillinger og betaling 8 artikler<\/p>\n","protected":false},"author":1,"featured_media":0,"parent":0,"menu_order":0,"comment_status":"closed","ping_status":"closed","template":"","meta":{"editor_plus_copied_stylings":"{}","footnotes":""},"class_list":["post-17","page","type-page","status-publish","hentry"],"yoast_head":"<!-- This site is optimized with the Yoast SEO plugin v27.5 - https:\/\/yoast.com\/product\/yoast-seo-wordpress\/ -->\n<title>Help center - Effihub help center<\/title>\n<meta name=\"robots\" content=\"index, follow, max-snippet:-1, max-image-preview:large, max-video-preview:-1\" \/>\n<link rel=\"canonical\" href=\"https:\/\/help.effihub.com\/da\/\" \/>\n<meta property=\"og:locale\" content=\"da_DK\" \/>\n<meta property=\"og:type\" content=\"article\" \/>\n<meta property=\"og:title\" content=\"Help center - Effihub help center\" \/>\n<meta property=\"og:description\" content=\"Kom godt i gang 8 artikler KundeHUB og auto e-mails 13 artikler Kunder og kundelogin 10 artikler Opgavetyper og stopur 8 artikler Timesedler 6 artikler Projekter 13 artikler Klippekort 15 artikler Effihub p\u00e5 mobilen 5 artikler Integrationer 1 artikel Rapporter 9 artikler Kontoindstillinger og betaling 8 artikler\" \/>\n<meta property=\"og:url\" content=\"https:\/\/help.effihub.com\/da\/\" \/>\n<meta property=\"og:site_name\" content=\"Effihub help center\" \/>\n<meta property=\"article:modified_time\" content=\"2024-12-10T14:09:32+00:00\" \/>\n<meta name=\"twitter:card\" content=\"summary_large_image\" \/>\n<script type=\"application\/ld+json\" class=\"yoast-schema-graph\">{\"@context\":\"https:\\\/\\\/schema.org\",\"@graph\":[{\"@type\":\"WebPage\",\"@id\":\"https:\\\/\\\/help.effihub.com\\\/da\\\/\",\"url\":\"https:\\\/\\\/help.effihub.com\\\/da\\\/\",\"name\":\"Help center - Effihub help center\",\"isPartOf\":{\"@id\":\"https:\\\/\\\/help.effihub.com\\\/da\\\/#website\"},\"datePublished\":\"2022-08-11T10:30:22+00:00\",\"dateModified\":\"2024-12-10T14:09:32+00:00\",\"breadcrumb\":{\"@id\":\"https:\\\/\\\/help.effihub.com\\\/da\\\/#breadcrumb\"},\"inLanguage\":\"da-DK\",\"potentialAction\":[{\"@type\":\"ReadAction\",\"target\":[\"https:\\\/\\\/help.effihub.com\\\/da\\\/\"]}]},{\"@type\":\"BreadcrumbList\",\"@id\":\"https:\\\/\\\/help.effihub.com\\\/da\\\/#breadcrumb\",\"itemListElement\":[{\"@type\":\"ListItem\",\"position\":1,\"name\":\"Hjem\",\"item\":\"https:\\\/\\\/help.effihub.com\\\/da\\\/\"},{\"@type\":\"ListItem\",\"position\":2,\"name\":\"Help center\"}]},{\"@type\":\"WebSite\",\"@id\":\"https:\\\/\\\/help.effihub.com\\\/da\\\/#website\",\"url\":\"https:\\\/\\\/help.effihub.com\\\/da\\\/\",\"name\":\"Effihub help center\",\"description\":\"F\u00e5 svar p\u00e5 alle dine sp\u00f8rgsm\u00e5l om Effihub her\",\"publisher\":{\"@id\":\"https:\\\/\\\/help.effihub.com\\\/da\\\/#organization\"},\"potentialAction\":[{\"@type\":\"SearchAction\",\"target\":{\"@type\":\"EntryPoint\",\"urlTemplate\":\"https:\\\/\\\/help.effihub.com\\\/da\\\/?s={search_term_string}\"},\"query-input\":{\"@type\":\"PropertyValueSpecification\",\"valueRequired\":true,\"valueName\":\"search_term_string\"}}],\"inLanguage\":\"da-DK\"},{\"@type\":\"Organization\",\"@id\":\"https:\\\/\\\/help.effihub.com\\\/da\\\/#organization\",\"name\":\"Effihub videnscenter\",\"url\":\"https:\\\/\\\/help.effihub.com\\\/da\\\/\",\"logo\":{\"@type\":\"ImageObject\",\"inLanguage\":\"da-DK\",\"@id\":\"https:\\\/\\\/help.effihub.com\\\/da\\\/#\\\/schema\\\/logo\\\/image\\\/\",\"url\":\"https:\\\/\\\/help.effihub.com\\\/wp-content\\\/uploads\\\/2022\\\/08\\\/Effihub-logo-positiv.png\",\"contentUrl\":\"https:\\\/\\\/help.effihub.com\\\/wp-content\\\/uploads\\\/2022\\\/08\\\/Effihub-logo-positiv.png\",\"width\":1653,\"height\":403,\"caption\":\"Effihub videnscenter\"},\"image\":{\"@id\":\"https:\\\/\\\/help.effihub.com\\\/da\\\/#\\\/schema\\\/logo\\\/image\\\/\"}}]}<\/script>\n<!-- \/ Yoast SEO plugin. -->","yoast_head_json":{"title":"Help center - Effihub help center","robots":{"index":"index","follow":"follow","max-snippet":"max-snippet:-1","max-image-preview":"max-image-preview:large","max-video-preview":"max-video-preview:-1"},"canonical":"https:\/\/help.effihub.com\/da\/","og_locale":"da_DK","og_type":"article","og_title":"Help center - Effihub help center","og_description":"Kom godt i gang 8 artikler KundeHUB og auto e-mails 13 artikler Kunder og kundelogin 10 artikler Opgavetyper og stopur 8 artikler Timesedler 6 artikler Projekter 13 artikler Klippekort 15 artikler Effihub p\u00e5 mobilen 5 artikler Integrationer 1 artikel Rapporter 9 artikler Kontoindstillinger og betaling 8 artikler","og_url":"https:\/\/help.effihub.com\/da\/","og_site_name":"Effihub help center","article_modified_time":"2024-12-10T14:09:32+00:00","twitter_card":"summary_large_image","schema":{"@context":"https:\/\/schema.org","@graph":[{"@type":"WebPage","@id":"https:\/\/help.effihub.com\/da\/","url":"https:\/\/help.effihub.com\/da\/","name":"Help center - Effihub help center","isPartOf":{"@id":"https:\/\/help.effihub.com\/da\/#website"},"datePublished":"2022-08-11T10:30:22+00:00","dateModified":"2024-12-10T14:09:32+00:00","breadcrumb":{"@id":"https:\/\/help.effihub.com\/da\/#breadcrumb"},"inLanguage":"da-DK","potentialAction":[{"@type":"ReadAction","target":["https:\/\/help.effihub.com\/da\/"]}]},{"@type":"BreadcrumbList","@id":"https:\/\/help.effihub.com\/da\/#breadcrumb","itemListElement":[{"@type":"ListItem","position":1,"name":"Hjem","item":"https:\/\/help.effihub.com\/da\/"},{"@type":"ListItem","position":2,"name":"Help center"}]},{"@type":"WebSite","@id":"https:\/\/help.effihub.com\/da\/#website","url":"https:\/\/help.effihub.com\/da\/","name":"Effihub help center","description":"F\u00e5 svar p\u00e5 alle dine sp\u00f8rgsm\u00e5l om Effihub her","publisher":{"@id":"https:\/\/help.effihub.com\/da\/#organization"},"potentialAction":[{"@type":"SearchAction","target":{"@type":"EntryPoint","urlTemplate":"https:\/\/help.effihub.com\/da\/?s={search_term_string}"},"query-input":{"@type":"PropertyValueSpecification","valueRequired":true,"valueName":"search_term_string"}}],"inLanguage":"da-DK"},{"@type":"Organization","@id":"https:\/\/help.effihub.com\/da\/#organization","name":"Effihub videnscenter","url":"https:\/\/help.effihub.com\/da\/","logo":{"@type":"ImageObject","inLanguage":"da-DK","@id":"https:\/\/help.effihub.com\/da\/#\/schema\/logo\/image\/","url":"https:\/\/help.effihub.com\/wp-content\/uploads\/2022\/08\/Effihub-logo-positiv.png","contentUrl":"https:\/\/help.effihub.com\/wp-content\/uploads\/2022\/08\/Effihub-logo-positiv.png","width":1653,"height":403,"caption":"Effihub videnscenter"},"image":{"@id":"https:\/\/help.effihub.com\/da\/#\/schema\/logo\/image\/"}}]}},"_links":{"self":[{"href":"https:\/\/help.effihub.com\/da\/wp-json\/wp\/v2\/pages\/17","targetHints":{"allow":["GET"]}}],"collection":[{"href":"https:\/\/help.effihub.com\/da\/wp-json\/wp\/v2\/pages"}],"about":[{"href":"https:\/\/help.effihub.com\/da\/wp-json\/wp\/v2\/types\/page"}],"author":[{"embeddable":true,"href":"https:\/\/help.effihub.com\/da\/wp-json\/wp\/v2\/users\/1"}],"replies":[{"embeddable":true,"href":"https:\/\/help.effihub.com\/da\/wp-json\/wp\/v2\/comments?post=17"}],"version-history":[{"count":34,"href":"https:\/\/help.effihub.com\/da\/wp-json\/wp\/v2\/pages\/17\/revisions"}],"predecessor-version":[{"id":1389,"href":"https:\/\/help.effihub.com\/da\/wp-json\/wp\/v2\/pages\/17\/revisions\/1389"}],"wp:attachment":[{"href":"https:\/\/help.effihub.com\/da\/wp-json\/wp\/v2\/media?parent=17"}],"curies":[{"name":"wp","href":"https:\/\/api.w.org\/{rel}","templated":true}]}}